{"id":3909,"date":"2018-03-26T17:48:18","date_gmt":"2018-03-26T10:48:18","guid":{"rendered":"http:\/\/cosmo.khoart.online\/?page_id=3909"},"modified":"2018-04-04T14:18:00","modified_gmt":"2018-04-04T07:18:00","slug":"home","status":"publish","type":"page","link":"https:\/\/cosmopacific.com\/en\/","title":{"rendered":"Home"},"content":{"rendered":"<div class=\"row\"  id=\"row-1522524571\">\n\n\t<div id=\"col-336461327\" class=\"col small-12 large-12\"  >\n\t\t\t\t<div class=\"col-inner\"  >\n\t\t\t\n\t\t\t\n<div class=\"slider-wrapper relative\" id=\"slider-1977159659\" >\n    <div class=\"slider slider-nav-circle slider-nav-large slider-nav-light slider-style-normal\"\n        data-flickity-options='{\n            \"cellAlign\": \"center\",\n            \"imagesLoaded\": true,\n            \"lazyLoad\": 1,\n            \"freeScroll\": false,\n            \"wrapAround\": true,\n            \"autoPlay\": 6000,\n            \"pauseAutoPlayOnHover\" : true,\n            \"prevNextButtons\": true,\n            \"contain\" : true,\n            \"adaptiveHeight\" : true,\n            \"dragThreshold\" : 10,\n            \"percentPosition\": true,\n            \"pageDots\": true,\n            \"rightToLeft\": false,\n            \"draggable\": true,\n            \"selectedAttraction\": 0.1,\n            \"parallax\" : 0,\n            \"friction\": 0.6        }'\n        >\n        \n\t<div class=\"img has-hover x md-x lg-x y md-y lg-y\" id=\"image_673308973\">\n\t\t<a class=\"\" href=\"http:\/\/cosmo.khoart.online\/en\/product-category\/il-tempio\/\" >\t\t\t\t\t\t<div class=\"img-inner dark\" >\n\t\t\t<img loading=\"lazy\" decoding=\"async\" width=\"1020\" height=\"394\" src=\"https:\/\/cosmopacific.com\/wp-content\/uploads\/2016\/09\/topbanner1-1024x396.jpg\" class=\"attachment-large size-large\" alt=\"\" srcset=\"https:\/\/cosmopacific.com\/wp-content\/uploads\/2016\/09\/topbanner1-1024x396.jpg 1024w, https:\/\/cosmopacific.com\/wp-content\/uploads\/2016\/09\/topbanner1-510x197.jpg 510w, https:\/\/cosmopacific.com\/wp-content\/uploads\/2016\/09\/topbanner1-500x193.jpg 500w, https:\/\/cosmopacific.com\/wp-content\/uploads\/2016\/09\/topbanner1-768x297.jpg 768w, https:\/\/cosmopacific.com\/wp-content\/uploads\/2016\/09\/topbanner1-375x145.jpg 375w, https:\/\/cosmopacific.com\/wp-content\/uploads\/2016\/09\/topbanner1-300x116.jpg 300w, https:\/\/cosmopacific.com\/wp-content\/uploads\/2016\/09\/topbanner1-100x39.jpg 100w, https:\/\/cosmopacific.com\/wp-content\/uploads\/2016\/09\/topbanner1-104x40.jpg 104w, https:\/\/cosmopacific.com\/wp-content\/uploads\/2016\/09\/topbanner1.jpg 1170w\" sizes=\"auto, (max-width: 1020px) 100vw, 1020px\" \/>\t\t\t\t\t\t\n\t\t\t\t\t<\/div>\n\t\t\t\t\t\t<\/a>\t\t\n<style>\n#image_673308973 {\n  width: 100%;\n}\n<\/style>\n\t<\/div>\n\t\n\t<div class=\"img has-hover x md-x lg-x y md-y lg-y\" id=\"image_150295654\">\n\t\t<a class=\"\" href=\"http:\/\/cosmo.khoart.online\/en\/product-category\/beauty-spa\/\" >\t\t\t\t\t\t<div class=\"img-inner dark\" >\n\t\t\t<img loading=\"lazy\" decoding=\"async\" width=\"1020\" height=\"394\" src=\"https:\/\/cosmopacific.com\/wp-content\/uploads\/2016\/09\/topbanner2-1024x396.jpg\" class=\"attachment-large size-large\" alt=\"\" srcset=\"https:\/\/cosmopacific.com\/wp-content\/uploads\/2016\/09\/topbanner2-1024x396.jpg 1024w, https:\/\/cosmopacific.com\/wp-content\/uploads\/2016\/09\/topbanner2-510x197.jpg 510w, https:\/\/cosmopacific.com\/wp-content\/uploads\/2016\/09\/topbanner2-500x193.jpg 500w, https:\/\/cosmopacific.com\/wp-content\/uploads\/2016\/09\/topbanner2-768x297.jpg 768w, https:\/\/cosmopacific.com\/wp-content\/uploads\/2016\/09\/topbanner2-375x145.jpg 375w, https:\/\/cosmopacific.com\/wp-content\/uploads\/2016\/09\/topbanner2-300x116.jpg 300w, https:\/\/cosmopacific.com\/wp-content\/uploads\/2016\/09\/topbanner2-100x39.jpg 100w, https:\/\/cosmopacific.com\/wp-content\/uploads\/2016\/09\/topbanner2-104x40.jpg 104w, https:\/\/cosmopacific.com\/wp-content\/uploads\/2016\/09\/topbanner2.jpg 1170w\" sizes=\"auto, (max-width: 1020px) 100vw, 1020px\" \/>\t\t\t\t\t\t\n\t\t\t\t\t<\/div>\n\t\t\t\t\t\t<\/a>\t\t\n<style>\n#image_150295654 {\n  width: 100%;\n}\n<\/style>\n\t<\/div>\n\t\n     <\/div>\n\n     <div class=\"loading-spin dark large centered\"><\/div>\n\n\t<\/div>\n\n\n\t\t<\/div>\n\t\t\t\t\t<\/div>\n\n\t\n<\/div>\n<div class=\"row\"  id=\"row-723583053\">\n\n\t<div id=\"col-1485880267\" class=\"col medium-6 small-12 large-6\"  >\n\t\t\t\t<div class=\"col-inner\"  >\n\t\t\t\n\t\t\t\n\t<div class=\"img has-hover x md-x lg-x y md-y lg-y\" id=\"image_377121403\">\n\t\t<a class=\"\" href=\"http:\/\/cosmo.khoart.online\/en\/product-category\/il-tempio\/\" >\t\t\t\t\t\t<div class=\"img-inner dark\" >\n\t\t\t<img loading=\"lazy\" decoding=\"async\" width=\"570\" height=\"250\" src=\"https:\/\/cosmopacific.com\/wp-content\/uploads\/2015\/08\/tempio.jpg\" class=\"attachment-large size-large\" alt=\"\" srcset=\"https:\/\/cosmopacific.com\/wp-content\/uploads\/2015\/08\/tempio.jpg 570w, https:\/\/cosmopacific.com\/wp-content\/uploads\/2015\/08\/tempio-510x224.jpg 510w, https:\/\/cosmopacific.com\/wp-content\/uploads\/2015\/08\/tempio-500x219.jpg 500w, https:\/\/cosmopacific.com\/wp-content\/uploads\/2015\/08\/tempio-375x164.jpg 375w, https:\/\/cosmopacific.com\/wp-content\/uploads\/2015\/08\/tempio-300x132.jpg 300w\" sizes=\"auto, (max-width: 570px) 100vw, 570px\" \/>\t\t\t\t\t\t\n\t\t\t\t\t<\/div>\n\t\t\t\t\t\t<\/a>\t\t\n<style>\n#image_377121403 {\n  width: 100%;\n}\n<\/style>\n\t<\/div>\n\t\n\t\t<\/div>\n\t\t\t\t\t<\/div>\n\n\t\n\n\t<div id=\"col-1318264453\" class=\"col medium-6 small-12 large-6\"  >\n\t\t\t\t<div class=\"col-inner\"  >\n\t\t\t\n\t\t\t\n\t<div class=\"img has-hover x md-x lg-x y md-y lg-y\" id=\"image_958224092\">\n\t\t<a class=\"\" href=\"http:\/\/cosmo.khoart.online\/en\/product-category\/beauty-spa\/\" >\t\t\t\t\t\t<div class=\"img-inner dark\" >\n\t\t\t<img loading=\"lazy\" decoding=\"async\" width=\"570\" height=\"250\" src=\"https:\/\/cosmopacific.com\/wp-content\/uploads\/2015\/08\/beautyspa.jpg\" class=\"attachment-large size-large\" alt=\"\" srcset=\"https:\/\/cosmopacific.com\/wp-content\/uploads\/2015\/08\/beautyspa.jpg 570w, https:\/\/cosmopacific.com\/wp-content\/uploads\/2015\/08\/beautyspa-510x224.jpg 510w, https:\/\/cosmopacific.com\/wp-content\/uploads\/2015\/08\/beautyspa-500x219.jpg 500w, https:\/\/cosmopacific.com\/wp-content\/uploads\/2015\/08\/beautyspa-375x164.jpg 375w, https:\/\/cosmopacific.com\/wp-content\/uploads\/2015\/08\/beautyspa-300x132.jpg 300w\" sizes=\"auto, (max-width: 570px) 100vw, 570px\" \/>\t\t\t\t\t\t\n\t\t\t\t\t<\/div>\n\t\t\t\t\t\t<\/a>\t\t\n<style>\n#image_958224092 {\n  width: 100%;\n}\n<\/style>\n\t<\/div>\n\t\n\t\t<\/div>\n\t\t\t\t\t<\/div>\n\n\t\n<\/div>\n\t\n  \n    <div class=\"row large-columns-5 medium-columns-3 small-columns-2 row-small slider row-slider slider-nav-reveal slider-nav-push\"  data-flickity-options='{&quot;imagesLoaded&quot;: true, &quot;groupCells&quot;: &quot;100%&quot;, &quot;dragThreshold&quot; : 5, &quot;cellAlign&quot;: &quot;left&quot;,&quot;wrapAround&quot;: true,&quot;prevNextButtons&quot;: true,&quot;percentPosition&quot;: true,&quot;pageDots&quot;: false, &quot;rightToLeft&quot;: false, &quot;autoPlay&quot; : false}' >\n\n  <\/div>\n<div class=\"row\"  id=\"row-1980449229\">\n\n\t<div id=\"col-784890839\" class=\"col small-12 large-12\"  >\n\t\t\t\t<div class=\"col-inner\"  >\n\t\t\t\n\t\t\t\n<div class=\"container section-title-container\" ><h3 class=\"section-title section-title-bold\"><b aria-hidden=\"true\"><\/b><span class=\"section-title-main\" style=\"color:rgb(194, 140, 48);\">il tempio della salute<\/span><b aria-hidden=\"true\"><\/b><a href=\"http:\/\/il-tempio-della-salut-products\">view all<i class=\"icon-angle-right\" aria-hidden=\"true\"><\/i><\/a><\/h3><\/div>\n\t<div class=\"img has-hover x md-x lg-x y md-y lg-y\" id=\"image_2114252052\">\n\t\t<a class=\"\" href=\"http:\/\/cosmo.khoart.online\/en\/product-category\/il-tempio\/\" >\t\t\t\t\t\t<div class=\"img-inner dark\" >\n\t\t\t<img loading=\"lazy\" decoding=\"async\" width=\"1020\" height=\"291\" src=\"https:\/\/cosmopacific.com\/wp-content\/uploads\/2018\/03\/iltempio-banner.jpg\" class=\"attachment-large size-large\" alt=\"Il Tempio Della Salute\" srcset=\"https:\/\/cosmopacific.com\/wp-content\/uploads\/2018\/03\/iltempio-banner.jpg 1050w, https:\/\/cosmopacific.com\/wp-content\/uploads\/2018\/03\/iltempio-banner-510x146.jpg 510w, https:\/\/cosmopacific.com\/wp-content\/uploads\/2018\/03\/iltempio-banner-800x229.jpg 800w, https:\/\/cosmopacific.com\/wp-content\/uploads\/2018\/03\/iltempio-banner-768x219.jpg 768w\" sizes=\"auto, (max-width: 1020px) 100vw, 1020px\" \/>\t\t\t\t\t\t\n\t\t\t\t\t<\/div>\n\t\t\t\t\t\t<\/a>\t\t\n<style>\n#image_2114252052 {\n  width: 100%;\n}\n<\/style>\n\t<\/div>\n\t\n\n\t\t<div class=\"tabbed-content\">\n\t\t\t\n\t\t\t<ul class=\"nav nav-tabs nav-uppercase nav-size-normal nav-left\" role=\"tablist\"><li id=\"tab-news\" class=\"tab active has-icon\" role=\"presentation\"><a href=\"#tab_news\" role=\"tab\" aria-selected=\"true\" aria-controls=\"tab_news\"><span>NEWS<\/span><\/a><\/li>\n<li id=\"tab-facial\" class=\"tab has-icon\" role=\"presentation\"><a href=\"#tab_facial\" tabindex=\"-1\" role=\"tab\" aria-selected=\"false\" aria-controls=\"tab_facial\"><span>FACIAL<\/span><\/a><\/li>\n<li id=\"tab-body-care\" class=\"tab has-icon\" role=\"presentation\"><a href=\"#tab_body-care\" tabindex=\"-1\" role=\"tab\" aria-selected=\"false\" aria-controls=\"tab_body-care\"><span>BODY CARE<\/span><\/a><\/li><\/ul><div class=\"tab-panels\"><div id=\"tab_news\" class=\"panel active entry-content\" role=\"tabpanel\" aria-labelledby=\"tab-news\">\n\t\n  \n    <div class=\"row large-columns-6 medium-columns-3 small-columns-2 row-small slider row-slider slider-nav-reveal slider-nav-push\"  data-flickity-options='{&quot;imagesLoaded&quot;: true, &quot;groupCells&quot;: &quot;100%&quot;, &quot;dragThreshold&quot; : 5, &quot;cellAlign&quot;: &quot;left&quot;,&quot;wrapAround&quot;: true,&quot;prevNextButtons&quot;: true,&quot;percentPosition&quot;: true,&quot;pageDots&quot;: false, &quot;rightToLeft&quot;: false, &quot;autoPlay&quot; : false}' >\n\n  <\/div>\n<\/div>\n<div id=\"tab_facial\" class=\"panel entry-content\" role=\"tabpanel\" aria-labelledby=\"tab-facial\">\n\t\n  \n    <div class=\"row large-columns-6 medium-columns-3 small-columns-2 row-small slider row-slider slider-nav-simple slider-nav-push\"  data-flickity-options='{&quot;imagesLoaded&quot;: true, &quot;groupCells&quot;: &quot;100%&quot;, &quot;dragThreshold&quot; : 5, &quot;cellAlign&quot;: &quot;left&quot;,&quot;wrapAround&quot;: true,&quot;prevNextButtons&quot;: true,&quot;percentPosition&quot;: true,&quot;pageDots&quot;: false, &quot;rightToLeft&quot;: false, &quot;autoPlay&quot; : false}' >\n\n  <\/div>\n<\/div>\n<div id=\"tab_body-care\" class=\"panel entry-content\" role=\"tabpanel\" aria-labelledby=\"tab-body-care\">\n\t\n  \n    <div class=\"row large-columns-6 medium-columns-3 small-columns-2 row-small slider row-slider slider-nav-reveal slider-nav-push\"  data-flickity-options='{&quot;imagesLoaded&quot;: true, &quot;groupCells&quot;: &quot;100%&quot;, &quot;dragThreshold&quot; : 5, &quot;cellAlign&quot;: &quot;left&quot;,&quot;wrapAround&quot;: true,&quot;prevNextButtons&quot;: true,&quot;percentPosition&quot;: true,&quot;pageDots&quot;: false, &quot;rightToLeft&quot;: false, &quot;autoPlay&quot; : false}' >\n\n  <\/div>\n<\/div><\/div><\/div>\n<div class=\"row\"  id=\"row-159475531\">\n\n\t<div id=\"col-212629365\" class=\"col small-12 large-12\"  >\n\t\t\t\t<div class=\"col-inner\"  >\n\t\t\t\n\t\t\t\n\t<div id=\"gap-1937434438\" class=\"gap-element clearfix\" style=\"display:block; height:auto;\">\n\t\t\n<style>\n#gap-1937434438 {\n  padding-top: 30px;\n}\n<\/style>\n\t<\/div>\n\t\n<div class=\"container section-title-container\" ><h3 class=\"section-title section-title-bold\"><b aria-hidden=\"true\"><\/b><span class=\"section-title-main\" style=\"color:rgb(194, 140, 48);\">BEAUTY SPA<\/span><b aria-hidden=\"true\"><\/b><a href=\"http:\/\/beauty-spa-products\">view all<i class=\"icon-angle-right\" aria-hidden=\"true\"><\/i><\/a><\/h3><\/div>\n\t<div class=\"img has-hover x md-x lg-x y md-y lg-y\" id=\"image_1072661548\">\n\t\t<a class=\"\" href=\"http:\/\/cosmo.khoart.online\/en\/product-category\/beauty-spa\/\" >\t\t\t\t\t\t<div class=\"img-inner dark\" >\n\t\t\t<img loading=\"lazy\" decoding=\"async\" width=\"1020\" height=\"291\" src=\"https:\/\/cosmopacific.com\/wp-content\/uploads\/2018\/03\/beauty-spa-banner.jpg\" class=\"attachment-large size-large\" alt=\"\" srcset=\"https:\/\/cosmopacific.com\/wp-content\/uploads\/2018\/03\/beauty-spa-banner.jpg 1050w, https:\/\/cosmopacific.com\/wp-content\/uploads\/2018\/03\/beauty-spa-banner-510x146.jpg 510w, https:\/\/cosmopacific.com\/wp-content\/uploads\/2018\/03\/beauty-spa-banner-800x229.jpg 800w, https:\/\/cosmopacific.com\/wp-content\/uploads\/2018\/03\/beauty-spa-banner-768x219.jpg 768w\" sizes=\"auto, (max-width: 1020px) 100vw, 1020px\" \/>\t\t\t\t\t\t\n\t\t\t\t\t<\/div>\n\t\t\t\t\t\t<\/a>\t\t\n<style>\n#image_1072661548 {\n  width: 100%;\n}\n<\/style>\n\t<\/div>\n\t\n\n\t\t<div class=\"tabbed-content\">\n\t\t\t\n\t\t\t<ul class=\"nav nav-tabs nav-uppercase nav-size-normal nav-left\" role=\"tablist\"><li id=\"tab-news\" class=\"tab active has-icon\" role=\"presentation\"><a href=\"#tab_news\" role=\"tab\" aria-selected=\"true\" aria-controls=\"tab_news\"><span>NEWS<\/span><\/a><\/li>\n<li id=\"tab-facial\" class=\"tab has-icon\" role=\"presentation\"><a href=\"#tab_facial\" tabindex=\"-1\" role=\"tab\" aria-selected=\"false\" aria-controls=\"tab_facial\"><span>FACIAL<\/span><\/a><\/li>\n<li id=\"tab-body-care\" class=\"tab has-icon\" role=\"presentation\"><a href=\"#tab_body-care\" tabindex=\"-1\" role=\"tab\" aria-selected=\"false\" aria-controls=\"tab_body-care\"><span>BODY CARE<\/span><\/a><\/li><\/ul><div class=\"tab-panels\"><div id=\"tab_news\" class=\"panel active entry-content\" role=\"tabpanel\" aria-labelledby=\"tab-news\">\n\t\n  \n    <div class=\"row large-columns-6 medium-columns-3 small-columns-2 row-small slider row-slider slider-nav-reveal slider-nav-push\"  data-flickity-options='{&quot;imagesLoaded&quot;: true, &quot;groupCells&quot;: &quot;100%&quot;, &quot;dragThreshold&quot; : 5, &quot;cellAlign&quot;: &quot;left&quot;,&quot;wrapAround&quot;: true,&quot;prevNextButtons&quot;: true,&quot;percentPosition&quot;: true,&quot;pageDots&quot;: false, &quot;rightToLeft&quot;: false, &quot;autoPlay&quot; : false}' >\n\n  <\/div>\n<\/div>\n<div id=\"tab_facial\" class=\"panel entry-content\" role=\"tabpanel\" aria-labelledby=\"tab-facial\">\n<\/div>\n<div id=\"tab_body-care\" class=\"panel entry-content\" role=\"tabpanel\" aria-labelledby=\"tab-body-care\">\n<\/div><\/div><\/div>\n\t\t<\/div>\n\t\t\t\t\t<\/div>\n\n\t\n<\/div>\n\t\t<\/div>\n\t\t\t\t\t<\/div>\n\n\t\n<\/div>\n<div class=\"row\"  id=\"row-1053964210\">\n\n\t<div id=\"col-738223815\" class=\"col small-12 large-12\"  >\n\t\t\t\t<div class=\"col-inner\"  >\n\t\t\t\n\t\t\t\n<div class=\"row\"  id=\"row-338666894\">\n\n\t<div id=\"col-56559677\" class=\"col medium-8 small-12 large-8\"  >\n\t\t\t\t<div class=\"col-inner\"  >\n\t\t\t\n\t\t\t\n<div class=\"container section-title-container\" ><h3 class=\"section-title section-title-bold\"><b aria-hidden=\"true\"><\/b><span class=\"section-title-main\" style=\"color:rgb(194, 140, 48);\">NEWS \/ EVENTS<\/span><b aria-hidden=\"true\"><\/b><\/h3><\/div>\n\n  \n    <div class=\"row large-columns-3 medium-columns-1 small-columns-1 slider row-slider slider-nav-reveal slider-nav-push\"  data-flickity-options='{&quot;imagesLoaded&quot;: true, &quot;groupCells&quot;: &quot;100%&quot;, &quot;dragThreshold&quot; : 5, &quot;cellAlign&quot;: &quot;left&quot;,&quot;wrapAround&quot;: true,&quot;prevNextButtons&quot;: true,&quot;percentPosition&quot;: true,&quot;pageDots&quot;: false, &quot;rightToLeft&quot;: false, &quot;autoPlay&quot; : false}' >\n\n  <div class=\"col post-item\" >\n\t\t\t<div class=\"col-inner\">\n\t\t\t\t<div class=\"box box-normal box-text-bottom box-blog-post has-hover\">\n          \t\t\t\t\t<div class=\"box-text text-center\" >\n\t\t\t\t\t<div class=\"box-text-inner blog-post-inner\">\n\n\t\t\t\t\t\n\t\t\t\t\t\t\t\t\t\t<h5 class=\"post-title is-large \">\n\t\t\t\t\t\t<a href=\"https:\/\/cosmopacific.com\/en\/about-beauty-spa\/\" class=\"plain\">Beauty Spa<\/a>\n\t\t\t\t\t<\/h5>\n\t\t\t\t\t<div class=\"post-meta is-small op-8\">20\/08\/2016<\/div>\t\t\t\t\t<div class=\"is-divider\"><\/div>\n\t\t\t\t\t\t\t\t\t\t<p class=\"from_the_blog_excerpt \">\n\t\t\t\t\t\tT\u1ea5t c\u1ea3 c\u00e1c s\u1ea3n ph\u1ea9m \u0111\u01b0\u1ee3c nghi\u00ean c\u1ee9u k\u1ebft h\u1ee3p v\u1ec1 h\u00f3a h\u1ecdc v\u00e0 c\u00e1c [...]\t\t\t\t\t<\/p>\n\t\t\t\t\t                    \n\t\t\t\t\t\n\t\t\t\t\t\n\t\t\t\t\t<\/div>\n\t\t\t\t\t<\/div>\n\t\t\t\t\t\t\t\t\t<\/div>\n\t\t\t<\/div>\n\t\t<\/div><\/div>\n\t\t<\/div>\n\t\t\t\t\t<\/div>\n\n\t\n\n\t<div id=\"col-1580615664\" class=\"col medium-4 small-12 large-4\"  >\n\t\t\t\t<div class=\"col-inner\"  >\n\t\t\t\n\t\t\t\n<div class=\"slider-wrapper relative\" id=\"slider-209449412\" >\n    <div class=\"slider slider-nav-circle slider-nav-large slider-nav-light slider-style-normal\"\n        data-flickity-options='{\n            \"cellAlign\": \"center\",\n            \"imagesLoaded\": true,\n            \"lazyLoad\": 1,\n            \"freeScroll\": false,\n            \"wrapAround\": true,\n            \"autoPlay\": 6000,\n            \"pauseAutoPlayOnHover\" : true,\n            \"prevNextButtons\": true,\n            \"contain\" : true,\n            \"adaptiveHeight\" : true,\n            \"dragThreshold\" : 10,\n            \"percentPosition\": true,\n            \"pageDots\": true,\n            \"rightToLeft\": false,\n            \"draggable\": true,\n            \"selectedAttraction\": 0.1,\n            \"parallax\" : 0,\n            \"friction\": 0.6        }'\n        >\n        \n\n  <div class=\"banner has-hover\" id=\"banner-323877159\">\n          <div class=\"banner-inner fill\">\n        <div class=\"banner-bg fill\" >\n                                                \n                    <\/div>\n\t\t\n        <div class=\"banner-layers container\">\n            <div class=\"fill banner-link\"><\/div>            \n   <div id=\"text-box-1190845766\" class=\"text-box banner-layer x50 md-x50 lg-x50 y50 md-y50 lg-y50 res-text\">\n                                <div class=\"text-box-content text \">\n              \n              <div class=\"text-inner text-center\">\n                  \n  <div class=\"icon-box testimonial-box icon-box-top text-left is-xlarge\">\n                <div class=\"icon-box-text p-last-0\">\n          <div class=\"star-rating\" role=\"img\" aria-label=\"Rated 5 out of 5\"><span style=\"width:100%\"><strong class=\"rating\"><\/strong><\/span><\/div>  \t\t\t\t<div class=\"testimonial-text line-height-small italic test_text first-reset last-reset is-italic\">\n            \n<p>Sau 30 tu\u1ed5i l\u00e0n da t\u00f4i d\u1ea7n xu\u1ea5t hi\u1ec7n nh\u1eefng n\u1ebfp nh\u0103n, tuy ch\u01b0a bi\u1ec3u hi\u1ec7n g\u00ec nhi\u1ec1u nh\u01b0ng t\u00f4i r\u1ea5t lo l\u1eafng v\u1ec1 ch\u00fang. T\u00f4i \u0111\u01b0\u1ee3c ng\u01b0\u1eddi b\u1ea1n gi\u1edbi thi\u1ec7u v\u1ec1 kem tr\u1eafng da m\u1eb7t ch\u1ed1ng l\u00e3o h\u00f3a c\u1ee7a Beauty Spa. Sau g\u1ea7n 2 th\u00e1ng s\u1eed d\u1ee5ng th\u00ec l\u00e0n da t\u00f4i c\u00f3 chuy\u1ec3n bi\u1ebfn r\u00f5 r\u1ec7t: da tr\u1edf n\u00ean m\u1ecbn v\u00e0 s\u00e1ng h\u01a1n, n\u1ebfp nh\u0103n c\u0169ng m\u1edd \u0111i.<\/p>\n          <\/div>\n          <div class=\"testimonial-meta pt-half\">\n             <strong class=\"testimonial-name test_name\">Ch\u1ecb H\u1ed3ng Anh<\/strong>\n                          <span class=\"testimonial-company test_company\"><\/span>\n          <\/div>\n        <\/div>\n  <\/div>\n\n  \n              <\/div>\n           <\/div>\n                            \n<style>\n#text-box-1190845766 {\n  width: 80%;\n}\n#text-box-1190845766 .text-box-content {\n  font-size: 100%;\n}\n<\/style>\n    <\/div>\n \n        <\/div>\n      <\/div>\n\n            \n<style>\n#banner-323877159 {\n  padding-top: 378px;\n  background-color: rgb(247, 245, 228);\n}\n#banner-323877159 .banner-bg img {\n  object-position: 79% 68%;\n}\n<\/style>\n  <\/div>\n\n\n\n  <div class=\"banner has-hover\" id=\"banner-870652970\">\n          <div class=\"banner-inner fill\">\n        <div class=\"banner-bg fill\" >\n                                                \n                    <\/div>\n\t\t\n        <div class=\"banner-layers container\">\n            <div class=\"fill banner-link\"><\/div>            \n   <div id=\"text-box-1486172409\" class=\"text-box banner-layer x50 md-x50 lg-x50 y50 md-y50 lg-y50 res-text\">\n                                <div class=\"text-box-content text \">\n              \n              <div class=\"text-inner text-center\">\n                  \n  <div class=\"icon-box testimonial-box icon-box-top text-left is-xlarge\">\n                <div class=\"icon-box-text p-last-0\">\n          <div class=\"star-rating\" role=\"img\" aria-label=\"Rated 5 out of 5\"><span style=\"width:100%\"><strong class=\"rating\"><\/strong><\/span><\/div>  \t\t\t\t<div class=\"testimonial-text line-height-small italic test_text first-reset last-reset is-italic\">\n            \n<p>C\u00f3 m\u1ed9t qu\u00e3ng th\u1eddi gian g\u01b0\u01a1ng m\u1eb7t m\u00ecnh b\u1ecb l\u00e3o ho\u00e1, \u0111en s\u1ea1m, s\u1eb1n s\u00f9i l\u1ea1i nhi\u1ec1u n\u1ebfp nh\u0103n l\u1ea1i khi\u1ebfn m\u00ecnh c\u1ea3m th\u1ea5y bu\u1ed3n r\u1ea7u, t\u1ef1 ti v\u00e0 ng\u1ea1i ti\u1ebfp x\u00fac v\u1edbi m\u1ecdi ng\u01b0\u1eddi xung quanh. T\u00ecnh c\u1edd \u0111\u1ecdc tr\u00ean b\u00e1o m\u1ea1ng th\u1ea5y C\u00f4ng ty Cosmo Pacific, c\u00f3 b\u00e1n kem d\u01b0\u1ee1ng tr\u1eafng da ch\u1ed1ng l\u00e3o ho\u00e1, m\u00ecnh mua v\u1ec1 d\u00f9ng th\u1eed. D\u00f9ng \u0111\u01b0\u1ee3c m\u1ed9t th\u1eddi gian ng\u1eafn th\u1ea5y da \u0111\u01b0\u1ee3c c\u1ea3i thi\u1ec7n l\u00ean \u0111\u00e1ng k\u1ec3, n\u00ean m\u00ecnh quy\u1ebft \u0111\u1ecbnh mua th\u00eam kem d\u01b0\u1ee1ng tr\u1eafng da to\u00e0n th\u00e2n v\u1ec1 d\u00f9ng. Th\u1ef1c s\u1ef1, m\u00ecnh gi\u1ed1ng nh\u01b0 \u0111\u01b0\u1ee3c \u201cl\u1ed9t x\u00e1c\u201d t\u1eeb m\u1ed9t c\u00f4 g\u00e1i c\u00f3 l\u00e0n da \u0111en, nh\u0103n nheo, l\u1ea1i tr\u1edf n\u00ean tr\u1eafng nh\u01b0 tuy\u1ebft.<\/p>\n          <\/div>\n          <div class=\"testimonial-meta pt-half\">\n             <strong class=\"testimonial-name test_name\">Ch\u1ecb Tr\u00fac V\u00e2n<\/strong>\n                          <span class=\"testimonial-company test_company\"><\/span>\n          <\/div>\n        <\/div>\n  <\/div>\n\n  \n              <\/div>\n           <\/div>\n                            \n<style>\n#text-box-1486172409 {\n  width: 80%;\n}\n#text-box-1486172409 .text-box-content {\n  font-size: 100%;\n}\n<\/style>\n    <\/div>\n \n        <\/div>\n      <\/div>\n\n            \n<style>\n#banner-870652970 {\n  padding-top: 378px;\n  background-color: rgb(247, 245, 228);\n}\n#banner-870652970 .banner-bg img {\n  object-position: 79% 68%;\n}\n<\/style>\n  <\/div>\n\n\n     <\/div>\n\n     <div class=\"loading-spin dark large centered\"><\/div>\n\n\t<\/div>\n\n\n\t\t<\/div>\n\t\t\t\t\t<\/div>\n\n\t\n<\/div>\n\t\t<\/div>\n\t\t\t\t\t<\/div>\n\n\t\n<\/div>\n\t\n  \n    <div class=\"row large-columns-5 medium-columns-3 small-columns-2 row-small slider row-slider slider-nav-reveal slider-nav-push\"  data-flickity-options='{&quot;imagesLoaded&quot;: true, &quot;groupCells&quot;: &quot;100%&quot;, &quot;dragThreshold&quot; : 5, &quot;cellAlign&quot;: &quot;left&quot;,&quot;wrapAround&quot;: true,&quot;prevNextButtons&quot;: true,&quot;percentPosition&quot;: true,&quot;pageDots&quot;: false, &quot;rightToLeft&quot;: false, &quot;autoPlay&quot; : false}' >\n\n  <\/div>\n","protected":false},"excerpt":{"rendered":"","protected":false},"author":1,"featured_media":3441,"parent":0,"menu_order":9,"comment_status":"closed","ping_status":"closed","template":"page-blank.php","meta":{"footnotes":""},"class_list":["post-3909","page","type-page","status-publish","has-post-thumbnail","hentry"],"_links":{"self":[{"href":"https:\/\/cosmopacific.com\/en\/wp-json\/wp\/v2\/pages\/3909","targetHints":{"allow":["GET"]}}],"collection":[{"href":"https:\/\/cosmopacific.com\/en\/wp-json\/wp\/v2\/pages"}],"about":[{"href":"https:\/\/cosmopacific.com\/en\/wp-json\/wp\/v2\/types\/page"}],"author":[{"embeddable":true,"href":"https:\/\/cosmopacific.com\/en\/wp-json\/wp\/v2\/users\/1"}],"replies":[{"embeddable":true,"href":"https:\/\/cosmopacific.com\/en\/wp-json\/wp\/v2\/comments?post=3909"}],"version-history":[{"count":0,"href":"https:\/\/cosmopacific.com\/en\/wp-json\/wp\/v2\/pages\/3909\/revisions"}],"wp:featuredmedia":[{"embeddable":true,"href":"https:\/\/cosmopacific.com\/en\/wp-json\/wp\/v2\/media\/3441"}],"wp:attachment":[{"href":"https:\/\/cosmopacific.com\/en\/wp-json\/wp\/v2\/media?parent=3909"}],"curies":[{"name":"wp","href":"https:\/\/api.w.org\/{rel}","templated":true}]}}