{"id":3932,"date":"2018-03-26T18:30:17","date_gmt":"2018-03-26T11:30:17","guid":{"rendered":"http:\/\/cosmo.khoart.online\/?page_id=3932"},"modified":"2018-03-28T17:33:07","modified_gmt":"2018-03-28T10:33:07","slug":"how-to-buy","status":"publish","type":"page","link":"https:\/\/cosmopacific.com\/en\/how-to-buy\/","title":{"rendered":"How To Buy"},"content":{"rendered":"<h2>C\u00c1CH TH\u1ee8C \u0110\u1eb6T H\u00c0NG:<\/h2>\n<ul>\n<li>Qu\u00fd kh\u00e1ch \u0111\u1eb7t h\u00e0ng tr\u1ef1c ti\u1ebfp qua hotline: <strong><strong>090 802 5077<\/strong><\/strong><\/li>\n<li>Qu\u00fd kh\u00e1ch \u0111\u1eb7t h\u00e0ng tr\u1ef1c ti\u1ebfp tr\u00ean website : www.cosmo.khoart.online theo c\u00e1c b\u01b0\u1edbc h\u01b0\u1edbng d\u1eabn. Sau khi ho\u00e0n t\u1ea5t \u0111\u1eb7t h\u00e0ng s\u1ebd c\u00f3 nh\u00e2n vi\u00ean g\u1ecdi x\u00e1c nh\u1eadn \u0111\u01a1n h\u00e0ng v\u1edbi Qu\u00fd kh\u00e1ch trong v\u00f2ng 24h n\u1ebfu \u0111\u01a1n h\u00e0ng \u0111\u01b0\u1ee3c \u0111\u1eb7t th\u00e0nh c\u00f4ng.<\/li>\n<\/ul>\n<p>&nbsp;<\/p>\n<h2>H\u01af\u1edaNG D\u1eaaN THANH TO\u00c1N:<\/h2>\n<ul>\n<li>Qu\u00fd kh\u00e1ch nh\u1eadn h\u00e0ng v\u00e0 thanh to\u00e1n t\u1ea1i nh\u00e0 cho nh\u00e2n vi\u00ean b\u01b0u \u0111i\u1ec7n giao h\u00e0ng \u0111\u1ebfn.<\/li>\n<li>Ho\u1eb7c Qu\u00fd kh\u00e1ch chuy\u1ec3n kho\u1ea3n tr\u1ea3 tr\u01b0\u1edbc \u0111\u1ec3 \u0111\u01b0\u1ee3c h\u1ed7 tr\u1ee3 ti\u1ec1n ph\u00ed v\u1eadn chuy\u1ec3n.<\/li>\n<\/ul>\n<p>&nbsp;<\/p>\n<h2>L\u01afU \u00dd:<\/h2>\n<ul>\n<li>Qu\u00fd kh\u00e1ch vui l\u00f2ng tham kh\u1ea3o v\u00e0 suy ngh\u0129 k\u1ef9 tr\u01b0\u1edbc khi \u0111\u1eb7t h\u00e0ng.<\/li>\n<li>H\u00e0ng h\u00f3a \u0111\u01b0\u1ee3c giao theo Quy \u0111\u1ecbnh ni\u00eam phong c\u1ee7a b\u01b0u \u0111i\u1ec7n. Cosmo Pacific\u00a0ch\u1ec9 g\u1eedi h\u00e0ng khi kh\u00e1ch h\u00e0ng \u0111\u1eb7t mua ch\u1ee9 kh\u00f4ng g\u1eedi h\u00e0ng \u0111\u1ec3 xem v\u00e0 m\u1eb7c th\u1eed. Cosmo Pacific \u0111\u00e3 ki\u1ec3m tra h\u00e0ng k\u1ef9 tr\u01b0\u1edbc khi g\u1eedi h\u00e0ng n\u00ean Qu\u00fd kh\u00e1ch kh\u00f4ng c\u1ea7n ph\u1ea3i ki\u1ec3m tra h\u00e0ng h\u00f3a.<\/li>\n<li>Cosmo Pacific t\u1eeb ch\u1ed1i g\u1eedi h\u00e0ng \u0111\u1ed1i v\u1edbi nh\u1eefng kh\u00e1ch h\u00e0ng \u0111\u00f2i b\u00f3c ni\u00eam phong c\u1ee7a b\u01b0u \u0111i\u1ec7n, g\u00e2y m\u1ea5t th\u1eddi gian cho \u0111\u00f4i b\u00ean v\u00e0 thi\u1ec7t h\u1ea1i cho Shop v\u1ec1 chi ph\u00ed v\u1eadn chuy\u1ec3n 2 chi\u1ec1u.<\/li>\n<li>N\u1ebfu c\u00f3 b\u1ea5t k\u1ef3 v\u1ea5n \u0111\u1ec1 g\u00ec sau khi thanh to\u00e1n v\u00e0 nh\u1eadn h\u00e0ng: Qu\u00fd kh\u00e1ch h\u00e3y li\u00ean h\u1ec7 ngay hotline:<strong> 090 802 5077<\/strong><\/li>\n<\/ul>\n<p>&nbsp;<\/p>\n<p>&nbsp;<\/p>\n<p>&nbsp;<\/p>\n","protected":false},"excerpt":{"rendered":"<p>C\u00c1CH TH\u1ee8C \u0110\u1eb6T H\u00c0NG: Qu\u00fd kh\u00e1ch \u0111\u1eb7t h\u00e0ng tr\u1ef1c ti\u1ebfp qua hotline: 090 802 5077 Qu\u00fd kh\u00e1ch \u0111\u1eb7t h\u00e0ng tr\u1ef1c ti\u1ebfp tr\u00ean website : www.cosmo.khoart.online theo c\u00e1c b\u01b0\u1edbc h\u01b0\u1edbng d\u1eabn. Sau khi ho\u00e0n t\u1ea5t \u0111\u1eb7t h\u00e0ng s\u1ebd c\u00f3 nh\u00e2n vi\u00ean g\u1ecdi x\u00e1c nh\u1eadn \u0111\u01a1n h\u00e0ng v\u1edbi Qu\u00fd kh\u00e1ch trong v\u00f2ng 24h n\u1ebfu \u0111\u01a1n h\u00e0ng \u0111\u01b0\u1ee3c [&#8230;]\n","protected":false},"author":1,"featured_media":0,"parent":0,"menu_order":0,"comment_status":"closed","ping_status":"closed","template":"page-left-sidebar.php","meta":{"footnotes":""},"class_list":["post-3932","page","type-page","status-publish","hentry"],"_links":{"self":[{"href":"https:\/\/cosmopacific.com\/en\/wp-json\/wp\/v2\/pages\/3932","targetHints":{"allow":["GET"]}}],"collection":[{"href":"https:\/\/cosmopacific.com\/en\/wp-json\/wp\/v2\/pages"}],"about":[{"href":"https:\/\/cosmopacific.com\/en\/wp-json\/wp\/v2\/types\/page"}],"author":[{"embeddable":true,"href":"https:\/\/cosmopacific.com\/en\/wp-json\/wp\/v2\/users\/1"}],"replies":[{"embeddable":true,"href":"https:\/\/cosmopacific.com\/en\/wp-json\/wp\/v2\/comments?post=3932"}],"version-history":[{"count":0,"href":"https:\/\/cosmopacific.com\/en\/wp-json\/wp\/v2\/pages\/3932\/revisions"}],"wp:attachment":[{"href":"https:\/\/cosmopacific.com\/en\/wp-json\/wp\/v2\/media?parent=3932"}],"curies":[{"name":"wp","href":"https:\/\/api.w.org\/{rel}","templated":true}]}}