{"id":3936,"date":"2018-03-26T18:31:49","date_gmt":"2018-03-26T11:31:49","guid":{"rendered":"http:\/\/cosmo.khoart.online\/?page_id=3936"},"modified":"2018-03-28T17:35:43","modified_gmt":"2018-03-28T10:35:43","slug":"how-to-ship","status":"publish","type":"page","link":"https:\/\/cosmopacific.com\/en\/how-to-ship\/","title":{"rendered":"How To Ship"},"content":{"rendered":"<h2>TH\u00c0NH PH\u1ed0 H\u1ed2 CH\u00cd MINH<\/h2>\n<ul>\n<li>C\u00e1c qu\u1eadn trong n\u1ed9i th\u00e0nh Tp.HCM Qu\u00fd kh\u00e1ch s\u1ebd \u0111\u01b0\u1ee3c giao h\u00e0ng v\u00e0 thu ti\u1ec1n t\u1eadn nh\u00e0 v\u1edbi chi ph\u00ed v\u1eadn chuy\u1ec3n nh\u01b0 sau:<br \/>\n1 s\u1ea3n ph\u1ea9m : 20k<br \/>\n2 s\u1ea3n ph\u1ea9m : mi\u1ec5n ph\u00ed giao h\u00e0ng<\/li>\n<li>C\u00e1c qu\u1eadn ngo\u1ea1i th\u00e0nh TPHCM nh\u01b0 : Qu\u1eadn 2, Qu\u1eadn 9, Th\u1ee7 \u0110\u1ee9c, B\u00ecnh T\u00e2n, B\u00ecnh Ch\u00e1nh, Qu\u1eadn 12\u2026 ph\u1ee5 thu th\u00eam ph\u00ed giao h\u00e0ng 15k\/\u0111\u01a1n h\u00e0ng. Mua 3 s\u1ea3n ph\u1ea9m mi\u1ec5n ph\u00ed giao.<\/li>\n<\/ul>\n<h2>C\u00c1C T\u1ec8NH TH\u00c0NH KH\u00c1C<\/h2>\n<p>Qu\u00fd kh\u00e1ch nh\u1eadn h\u00e0ng qua b\u01b0u \u0111i\u1ec7n ho\u1eb7c g\u1eedi xe n\u1ebfu \u1edf t\u1ec9nh th\u00e0nh c\u1ee7a Qu\u00fd kh\u00e1ch c\u00f3 xe kh\u00e1ch \u0111i \u0111\u1ebfn.<\/p>\n<ul>\n<li>Giao h\u00e0ng thu ti\u1ec1n t\u1eadn nh\u00e0 (D\u1ecbch v\u1ee5 g\u1eedi COD) \u0111\u1ebfn 63 t\u1ec9nh th\u00e0nh trong c\u1ea3 n\u01b0\u1edbc v\u1edbi ph\u00ed v\u1eadn chuy\u1ec3n nh\u01b0 sau :<br \/>\n1 s\u1ea3n ph\u1ea9m : 35k<br \/>\n2 s\u1ea3n ph\u1ea9m : 50k<br \/>\n3 s\u1ea3n ph\u1ea9m : mi\u1ec5n ph\u00ed g\u1eedi h\u00e0ng<\/li>\n<li>Qu\u00fd kh\u00e1ch chuy\u1ec3n kho\u1ea3n tr\u1ea3 tr\u01b0\u1edbc s\u1ebd \u0111\u01b0\u1ee3c h\u1ed7 tr\u1ee3 ti\u1ec1n ph\u00ed v\u1eadn chuy\u1ec3n<\/li>\n<\/ul>\n<p>&nbsp;<\/p>\n<p>&nbsp;<\/p>\n","protected":false},"excerpt":{"rendered":"<p>TH\u00c0NH PH\u1ed0 H\u1ed2 CH\u00cd MINH C\u00e1c qu\u1eadn trong n\u1ed9i th\u00e0nh Tp.HCM Qu\u00fd kh\u00e1ch s\u1ebd \u0111\u01b0\u1ee3c giao h\u00e0ng v\u00e0 thu ti\u1ec1n t\u1eadn nh\u00e0 v\u1edbi chi ph\u00ed v\u1eadn chuy\u1ec3n nh\u01b0 sau: 1 s\u1ea3n ph\u1ea9m : 20k 2 s\u1ea3n ph\u1ea9m : mi\u1ec5n ph\u00ed giao h\u00e0ng C\u00e1c qu\u1eadn ngo\u1ea1i th\u00e0nh TPHCM nh\u01b0 : Qu\u1eadn 2, Qu\u1eadn 9, Th\u1ee7 \u0110\u1ee9c, [&#8230;]\n","protected":false},"author":1,"featured_media":0,"parent":0,"menu_order":0,"comment_status":"closed","ping_status":"closed","template":"page-left-sidebar.php","meta":{"footnotes":""},"class_list":["post-3936","page","type-page","status-publish","hentry"],"_links":{"self":[{"href":"https:\/\/cosmopacific.com\/en\/wp-json\/wp\/v2\/pages\/3936","targetHints":{"allow":["GET"]}}],"collection":[{"href":"https:\/\/cosmopacific.com\/en\/wp-json\/wp\/v2\/pages"}],"about":[{"href":"https:\/\/cosmopacific.com\/en\/wp-json\/wp\/v2\/types\/page"}],"author":[{"embeddable":true,"href":"https:\/\/cosmopacific.com\/en\/wp-json\/wp\/v2\/users\/1"}],"replies":[{"embeddable":true,"href":"https:\/\/cosmopacific.com\/en\/wp-json\/wp\/v2\/comments?post=3936"}],"version-history":[{"count":0,"href":"https:\/\/cosmopacific.com\/en\/wp-json\/wp\/v2\/pages\/3936\/revisions"}],"wp:attachment":[{"href":"https:\/\/cosmopacific.com\/en\/wp-json\/wp\/v2\/media?parent=3936"}],"curies":[{"name":"wp","href":"https:\/\/api.w.org\/{rel}","templated":true}]}}