{"id":4093,"date":"2016-10-06T17:22:59","date_gmt":"2016-10-06T10:22:59","guid":{"rendered":"http:\/\/cosmo.khoart.online\/product\/fleboton\/"},"modified":"2024-03-20T16:30:12","modified_gmt":"2024-03-20T09:30:12","slug":"fleboton-2","status":"publish","type":"product","link":"https:\/\/cosmopacific.com\/en\/san-pham\/fleboton-2\/","title":{"rendered":"FLEBOTON"},"content":{"rendered":"","protected":false},"excerpt":{"rendered":"<p>S\u1ef1 suy gi\u1ea3m tu\u1ea7n ho\u00e0n t\u0129nh m\u1ea1ch v\u00e0 b\u1ea1ch huy\u1ebft nguy\u00ean nh\u00e2n th\u01b0\u1eddng th\u1ea5y l\u00e0 do s\u1ef1 hi\u1ec7n di\u1ec7n c\u1ee7a cellulite. N\u00f3 g\u00e2y n\u00ean m\u1ed9t h\u1eadu qu\u1ea3 kh\u00f3 l\u01b0\u1eddng: tr\u1eef n\u01b0\u1edbc v\u00e0 \u0111\u1ed9c t\u1ed1, thay v\u00ec ph\u1ea3i \u0111\u01b0\u1ee3c lo\u1ea1i b\u1ecf ra kh\u1ecfi c\u01a1 th\u1ec3 th\u00ec ch\u00fang l\u1ea1i tr\u1edf n\u00ean tr\u00ec tr\u1ec7 v\u00e0 \u1ee9 \u0111\u1ecdng, do \u0111\u00f3 g\u00e2y ra s\u1ef1 ph\u00f9 n\u1ec1 c\u1ee5c b\u1ed9 m\u00e0 theo th\u1eddi gian\u00a0s\u1ebd\u00a0g\u00e2y ra vi\u00eam m\u00f4. S\u1ef1 \u1ee9 \u0111\u1ecdng ch\u1ea5t l\u1ecfng l\u00e0m cho da kh\u00f4ng \u0111\u00e0n h\u1ed3i, n\u1eb7ng n\u1ec1, kh\u00f4ng co gi\u00e3n trong c\u00e1c m\u00f4.<\/p>\n<p>Trong khi \u0111\u00f3 v\u1ec1 ch\u1ee9c n\u0103ng th\u00ec s\u1ef1 ph\u00f9 n\u1ec1 n\u00e0y s\u1ebd l\u00e0m m\u1ea5t \u0111i kh\u1ea3 n\u0103ng tu\u1ea7n ho\u00e0n m\u00e1u cung c\u1ea5p \u0111\u1ebfn t\u1ebf b\u00e0o. T\u1eeb \u0111\u00f3 d\u1eabn t\u1edbi m\u1ed9t h\u1ec7 l\u1ee5y x\u1ea5u cho l\u00e0n da c\u1ee7a b\u1ea1n. Do \u0111\u00f3, c\u1ea7n ph\u1ea3i can thi\u1ec7p h\u00e0ng ng\u00e0y. Fleboton \u0111\u00e3 \u0111\u01b0\u1ee3c h\u00ecnh th\u00e0nh \u0111\u1ec3 ph\u1ee5c v\u1ee5 m\u1ee5c \u0111\u00edch n\u00e0y: nh\u1edd s\u1ef1 ph\u1ed1i h\u1ee3p gi\u1eefa c\u00e1c th\u00e0nh ph\u1ea7n, n\u00f3 thu h\u1eb9p ph\u1ea1m vi c\u1ee7a c\u00e1c m\u00f4 m\u1ee1, b\u00ean c\u1ea1nh \u0111\u00f3 s\u1ea3n ph\u1ea9m c\u00f2n h\u1ed7 tr\u1ee3 chuy\u00ean s\u00e2u v\u00e0o ch\u1ee9c n\u0103ng tu\u1ea7n ho\u00e0n m\u00e1u. Dung t\u00edch 150 ml.<\/p>\n","protected":false},"featured_media":0,"template":"","meta":[],"product_brand":[],"product_cat":[579],"product_tag":[],"class_list":{"0":"post-4093","1":"product","2":"type-product","3":"status-publish","5":"product_cat-san-pham-duong-the","7":"first","8":"instock","9":"shipping-taxable","10":"product-type-simple"},"_links":{"self":[{"href":"https:\/\/cosmopacific.com\/en\/wp-json\/wp\/v2\/product\/4093","targetHints":{"allow":["GET"]}}],"collection":[{"href":"https:\/\/cosmopacific.com\/en\/wp-json\/wp\/v2\/product"}],"about":[{"href":"https:\/\/cosmopacific.com\/en\/wp-json\/wp\/v2\/types\/product"}],"wp:attachment":[{"href":"https:\/\/cosmopacific.com\/en\/wp-json\/wp\/v2\/media?parent=4093"}],"wp:term":[{"taxonomy":"product_brand","embeddable":true,"href":"https:\/\/cosmopacific.com\/en\/wp-json\/wp\/v2\/product_brand?post=4093"},{"taxonomy":"product_cat","embeddable":true,"href":"https:\/\/cosmopacific.com\/en\/wp-json\/wp\/v2\/product_cat?post=4093"},{"taxonomy":"product_tag","embeddable":true,"href":"https:\/\/cosmopacific.com\/en\/wp-json\/wp\/v2\/product_tag?post=4093"}],"curies":[{"name":"wp","href":"https:\/\/api.w.org\/{rel}","templated":true}]}}