{"id":4110,"date":"2018-03-27T14:11:02","date_gmt":"2018-03-27T07:11:02","guid":{"rendered":"http:\/\/cosmo.khoart.online\/san-pham\/slimming-complex\/"},"modified":"2024-03-20T15:55:52","modified_gmt":"2024-03-20T08:55:52","slug":"slimming-complex-2","status":"publish","type":"product","link":"https:\/\/cosmopacific.com\/en\/san-pham\/slimming-complex-2\/","title":{"rendered":"SLIMMING COMPLEX"},"content":{"rendered":"","protected":false},"excerpt":{"rendered":"<p>L\u00e0 \u0111\u1ec9nh cao c\u1ee7a ph\u01b0\u01a1ng ph\u00e1p \u0111i\u1ec1u tr\u1ecb ch\u1ed1ng cellulite. V\u1edbi th\u00e0nh ph\u1ea7n l\u00e0 ch\u1ea5t l\u1ecfng c\u00f4 \u0111\u1eb7c gi\u00e0u c\u00e1c ho\u1ea1t ch\u1ea5t d\u1ec5 d\u00e0ng h\u1ea5p thu s\u00e2u v\u00e0o trong c\u00e1c l\u1edbp m\u00f4 \u1ea9n s\u00e2u b\u00ean trong da. Cho ph\u00e9p k\u1ebft h\u1ee3p v\u1edbi li\u1ec7u tr\u00ecnh Atlantis.<\/p>\n","protected":false},"featured_media":4113,"template":"","meta":[],"product_brand":[],"product_cat":[579],"product_tag":[],"class_list":{"0":"post-4110","1":"product","2":"type-product","3":"status-publish","4":"has-post-thumbnail","6":"product_cat-san-pham-duong-the","8":"first","9":"instock","10":"shipping-taxable","11":"product-type-simple"},"_links":{"self":[{"href":"https:\/\/cosmopacific.com\/en\/wp-json\/wp\/v2\/product\/4110","targetHints":{"allow":["GET"]}}],"collection":[{"href":"https:\/\/cosmopacific.com\/en\/wp-json\/wp\/v2\/product"}],"about":[{"href":"https:\/\/cosmopacific.com\/en\/wp-json\/wp\/v2\/types\/product"}],"wp:featuredmedia":[{"embeddable":true,"href":"https:\/\/cosmopacific.com\/en\/wp-json\/wp\/v2\/media\/4113"}],"wp:attachment":[{"href":"https:\/\/cosmopacific.com\/en\/wp-json\/wp\/v2\/media?parent=4110"}],"wp:term":[{"taxonomy":"product_brand","embeddable":true,"href":"https:\/\/cosmopacific.com\/en\/wp-json\/wp\/v2\/product_brand?post=4110"},{"taxonomy":"product_cat","embeddable":true,"href":"https:\/\/cosmopacific.com\/en\/wp-json\/wp\/v2\/product_cat?post=4110"},{"taxonomy":"product_tag","embeddable":true,"href":"https:\/\/cosmopacific.com\/en\/wp-json\/wp\/v2\/product_tag?post=4110"}],"curies":[{"name":"wp","href":"https:\/\/api.w.org\/{rel}","templated":true}]}}